{"id":686,"date":"2015-03-26T11:02:55","date_gmt":"2015-03-26T11:02:55","guid":{"rendered":"http:\/\/asociaciondemeter.org\/?page_id=686"},"modified":"2025-07-14T16:35:44","modified_gmt":"2025-07-14T16:35:44","slug":"calidad-y-transparencia","status":"publish","type":"page","link":"https:\/\/asociaciondemeter.org\/?page_id=686","title":{"rendered":"Calidad y Transparencia"},"content":{"rendered":"<p><strong>La calidad y la transparencia\u00a0son dos de nuestros valores estrat\u00e9gicos<\/strong>, somos consciente que el acceso a la informaci\u00f3n sobre la gesti\u00f3n de nuestros recursos es fundamental para generar confianza en nuestras propuestas.\u00a0 <strong>Desde el a\u00f1o 2015<\/strong>, la Asociaci\u00f3n DEM\u00c9TER por la Igualdad viene <strong>implementado su Plan de Calidad y Transparencia con el objetivo de formalizar su compromiso social y p\u00fablico<\/strong>, el cual ha sido un pilar fundamental desde su creaci\u00f3n. En el \u00e1mbito de la acci\u00f3n social, la \u00abcalidad y transparencia\u00bb se han convertido en requisitos indispensables, tal y como lo exige la sociedad a las organizaciones que trabajan en este sector.<\/p>\n<p><strong>El Plan de Calidad y Transparencia de la Asociaci\u00f3n Dem\u00e9ter por la Igualdad abarca todos los proyectos, programas y servicios que ofrece la entidad.<\/strong> Para su creaci\u00f3n e implementaci\u00f3n, se llev\u00f3 a cabo una evaluaci\u00f3n exhaustiva de los planes vigentes, optimizando los protocolos asociados a cada uno de ellos para actualizarlos y mejorar su transparencia y calidad. Desde el 2025, el plan se va revisando de forma peri\u00f3dica para su evaluaci\u00f3n y mejora y en 2024 se ha creado una comisi\u00f3n para ofrecer una nueva versi\u00f3n del mismo renovada y actualizada.<\/p>\n<p><strong>Mecanismos de transparencia de la entidad: <\/strong><\/p>\n<ul>\n<li><strong>Publicaci\u00f3n anual de memorias:<\/strong> Las memorias de actividades, memorias econ\u00f3micas y la composici\u00f3n de la junta directiva est\u00e1n disponibles en la p\u00e1gina web de la asociaci\u00f3n para consulta p\u00fablica.<\/li>\n<li><strong>Cuenta p\u00fablica<\/strong>: La cuenta de la asociaci\u00f3n est\u00e1 dada de alta en el Tesoro P\u00fablico, lo que permite su auditor\u00eda en cualquier momento.<\/li>\n<li><strong>Auditor\u00edas externas:<\/strong> Los programas realizados con organismos p\u00fablicos y privados se auditan por las entidades que subvencionan.<\/li>\n<li><strong>Cumplimiento en protecci\u00f3n de datos y riesgos laborales:<\/strong> La asociaci\u00f3n cumple con las normativas de protecci\u00f3n de datos y riesgos laborales, con auditor\u00edas anuales realizadas por empresas especializadas.<\/li>\n<li><strong>Reconocimiento de utilidad p\u00fablica:<\/strong> Dem\u00e9ter por la Igualdad cuenta con la declaraci\u00f3n de utilidad p\u00fablica municipal otorgada por el Ayuntamiento de M\u00e1laga el 24 de junio de 2013.<\/li>\n<li><strong>Divulgaci\u00f3n de programas y actividades:<\/strong> Toda la informaci\u00f3n sobre los programas y actividades de la entidad se publica en su p\u00e1gina web y redes sociales (Facebook, Twitter, Instagram), adem\u00e1s de banners publicitarios en medios locales. Se vela siempre por la protecci\u00f3n de datos de los\/as menores.<\/li>\n<li><strong>Plan de voluntariado y Plan de formaci\u00f3n del voluntariado:<\/strong> La asociaci\u00f3n cuenta con un plan de voluntariado abierto a personas que deseen participar en talleres para menores en colegios, actividades de difusi\u00f3n y sensibilizaci\u00f3n, asesoramiento jur\u00eddico a mujeres v\u00edctimas de violencia de g\u00e9nero, nutrici\u00f3n, clases de yoga, apoyo escolar, entre otras.<\/li>\n<li><strong>Plan de Igualdad:<\/strong> para promover la igualdad de oportunidades entre hombres y mujeres en todos los \u00e1mbitos de la organizaci\u00f3n, tanto en el interno como en el externo.<\/li>\n<li>La p\u00e1gina web de la asociaci\u00f3n (<a href=\"http:\/\/asociaciondemeter.org\/\">http:\/\/asociaciondemeter.org\/<\/a>) centraliza toda la informaci\u00f3n mencionada anteriormente, a excepci\u00f3n del alta en el Tesoro P\u00fablico.<\/li>\n<\/ul>\n<p><!--more--><\/p>\n<p style=\"text-align: justify; line-height: 115%; background: white; margin: 0cm 0cm 15.0pt 0cm;\"><b><span style=\"font-family: 'Arial','sans-serif'; color: #7030a0; letter-spacing: .15pt;\">ENLACES PLANES DE LA ENTIDAD:<\/span><\/b><\/p>\n<p style=\"line-height: 18.75pt; background: white; margin: 0cm 0cm 15.0pt 0cm;\"><strong>Puedes ver nuestros planes pinchando en los siguientes enlaces:<\/strong><\/p>\n<p><a href=\"http:\/\/asociaciondemeter.org\/wp-content\/uploads\/2024\/07\/2024.-PLAN-DE-CALIDAD-Y-TRANSPARENCIA.pdf\">Plan de Calidad y Transparencia.<\/a><\/p>\n<p><a href=\"http:\/\/asociaciondemeter.org\/wp-content\/uploads\/2024\/07\/24-28.-PLAN-DE-IGUALDAD-2024-2028.pdf\">Plan de Igualdad<\/a><\/p>\n<p><a href=\"http:\/\/asociaciondemeter.org\/wp-content\/uploads\/2025\/07\/MEDIDAS-DE-CONCILIACION-3.pdf\">Medidas de conciliaci\u00f3n<\/a><\/p>\n<p><strong>Adem\u00e1s, puedes encontrar nuestra pol\u00edtica de privacidad y protocolo de acoso en los siguientes enlaces:\u00a0<\/strong><\/p>\n<p><a href=\"http:\/\/asociaciondemeter.org\/wp-content\/uploads\/2022\/10\/POLITICA-DE-PRIVACIDAD-1.pdf\">Pol\u00edtica de Privacidad\u00a0<\/a><\/p>\n<p><a href=\"http:\/\/asociaciondemeter.org\/wp-content\/uploads\/2022\/10\/protocolo-de-acoso-scaled.jpeg\">Protocolo de Acoso<\/a><\/p>\n<p><a href=\"http:\/\/asociaciondemeter.org\/wp-content\/uploads\/2024\/07\/Certificado_PROTEGEmos.pdf\">Certificado de PROTEgemos<\/a><\/p>\n<p><a href=\"http:\/\/asociaciondemeter.org\/wp-content\/uploads\/2024\/07\/Acreditacion-de-utilidad-publica.pdf\">Declaraci\u00f3n de Utilidad P\u00fablica<\/a><\/p>\n<p><!--more--><\/p>\n<p><strong>A continuaci\u00f3n puedes consultar las memorias de los distintos a\u00f1os:<\/strong><\/p>\n<p><a href=\"http:\/\/asociaciondemeter.org\/wp-content\/uploads\/2025\/07\/Memoria-2024.pdf\">Memoria 2024<\/a><\/p>\n<p><a href=\"http:\/\/asociaciondemeter.org\/wp-content\/uploads\/2024\/09\/MEMORIA-2023-TECNICA-Y-ECONOMICA.pdf\">Memoria de actividades y econ\u00f3mica 2023<\/a><\/p>\n<p><a href=\"http:\/\/asociaciondemeter.org\/wp-content\/uploads\/2024\/09\/Memoria-de-actividades-2022.pdf\">Memoria de actividades 2022<\/a><\/p>\n<p><a href=\"http:\/\/asociaciondemeter.org\/wp-content\/uploads\/2022\/04\/Memoria-de-actividades-2021.pdf\" target=\"_blank\" rel=\"noopener noreferrer\">Memoria de actividades 2021<\/a><\/p>\n<p><a href=\"http:\/\/asociaciondemeter.org\/wp-content\/uploads\/2022\/06\/memorias-econ\u00f3micas-2020.pdf\">Memoria econ\u00f3mica 2020<\/a><\/p>\n<p><a href=\"http:\/\/asociaciondemeter.org\/wp-content\/uploads\/2022\/04\/Memoria-de-actividades-2020.pdf\">Memoria de actividades 2020<\/a><\/p>\n<p><a href=\"http:\/\/asociaciondemeter.org\/wp-content\/uploads\/2020\/10\/Memoria-de-actividades-2019_signed.pdf\">Memoria de actividades 2019<\/a><\/p>\n<p><a href=\"http:\/\/asociaciondemeter.org\/wp-content\/uploads\/2020\/10\/contabilidad-firmada_signed.pdf\">Memoria econ\u00f3mica 2019<\/a><\/p>\n<p><a href=\"http:\/\/asociaciondemeter.org\/wp-content\/uploads\/2020\/04\/Memoria-2018-red.pdf\">Memoria de actividades 2018<\/a><\/p>\n<p><a href=\"http:\/\/asociaciondemeter.org\/wp-content\/uploads\/2018\/04\/Memoria-economica.pdf\">Memoria econ\u00f3mica 2017<\/a><\/p>\n<p><a href=\"http:\/\/asociaciondemeter.org\/wp-content\/uploads\/2018\/04\/Memoria-2017.pdf\">Memoria de actividades 2017<\/a><\/p>\n<p><a href=\"http:\/\/asociaciondemeter.org\/wp-content\/uploads\/2015\/03\/MEMORIAS-ECONOMICAS-2016.pdf\">Memoria econ\u00f3mica 2016<\/a><\/p>\n<p><a href=\"http:\/\/asociaciondemeter.org\/wp-content\/uploads\/2015\/03\/MEMORIAS-de-actividades-2016.pdf\">Memoria de actividades 2016<\/a><\/p>\n<p><a href=\"http:\/\/asociaciondemeter.org\/wp-content\/uploads\/2015\/03\/MEMORIAS-ECON\u00d3MICAS-2015.pdf\">Memoria econ\u00f3mica 2015<\/a><\/p>\n<p><a href=\"http:\/\/asociaciondemeter.org\/wp-content\/uploads\/2015\/03\/MEMORIAS-de-actividades-2015.pdf\">Memoria de actividades 2015<\/a><\/p>\n\n\n\n\n<p><\/p>\n","protected":false},"excerpt":{"rendered":"<p>La calidad y la transparencia\u00a0son dos de nuestros valores estrat\u00e9gicos, somos consciente que el acceso a la informaci\u00f3n sobre la gesti\u00f3n de nuestros recursos es fundamental para generar confianza en nuestras propuestas.\u00a0 Desde el a\u00f1o 2015, la Asociaci\u00f3n DEM\u00c9TER por la Igualdad viene implementado su Plan de Calidad y Transparencia con el objetivo de formalizar [&hellip;]<\/p>\n","protected":false},"author":1,"featured_media":0,"parent":0,"menu_order":0,"comment_status":"closed","ping_status":"open","template":"","meta":{"footnotes":""},"class_list":["post-686","page","type-page","status-publish","hentry"],"jetpack_sharing_enabled":true,"_links":{"self":[{"href":"https:\/\/asociaciondemeter.org\/index.php?rest_route=\/wp\/v2\/pages\/686","targetHints":{"allow":["GET"]}}],"collection":[{"href":"https:\/\/asociaciondemeter.org\/index.php?rest_route=\/wp\/v2\/pages"}],"about":[{"href":"https:\/\/asociaciondemeter.org\/index.php?rest_route=\/wp\/v2\/types\/page"}],"author":[{"embeddable":true,"href":"https:\/\/asociaciondemeter.org\/index.php?rest_route=\/wp\/v2\/users\/1"}],"replies":[{"embeddable":true,"href":"https:\/\/asociaciondemeter.org\/index.php?rest_route=%2Fwp%2Fv2%2Fcomments&post=686"}],"version-history":[{"count":51,"href":"https:\/\/asociaciondemeter.org\/index.php?rest_route=\/wp\/v2\/pages\/686\/revisions"}],"predecessor-version":[{"id":1616,"href":"https:\/\/asociaciondemeter.org\/index.php?rest_route=\/wp\/v2\/pages\/686\/revisions\/1616"}],"wp:attachment":[{"href":"https:\/\/asociaciondemeter.org\/index.php?rest_route=%2Fwp%2Fv2%2Fmedia&parent=686"}],"curies":[{"name":"wp","href":"https:\/\/api.w.org\/{rel}","templated":true}]}}