{"id":173,"date":"2013-10-07T09:54:12","date_gmt":"2013-10-07T09:54:12","guid":{"rendered":"http:\/\/asociaciondemeter.org\/?page_id=173"},"modified":"2020-04-14T09:26:55","modified_gmt":"2020-04-14T09:26:55","slug":"proyectos","status":"publish","type":"page","link":"https:\/\/asociaciondemeter.org\/?page_id=173","title":{"rendered":"Programas"},"content":{"rendered":"<p>Asociaci\u00f3n Dem\u00e9ter por la Igualdad cuenta con diversos proyectos en marcha en la actualidad destinados no s\u00f3lo a la atenci\u00f3n a menores v\u00edctimas de violencia de g\u00e9nero sino tambi\u00e9n a la prevenci\u00f3n de este importante problema social estructural, as\u00ed como al fomento de la igualdad de g\u00e9nero, la formaci\u00f3n adecuada a profesionales y voluntariado y la sensibilizaci\u00f3n con respecto al conjunto de la ciudadan\u00eda.<\/p>\n<p>En los siguientes enlaces encontrar\u00e1s m\u00e1s informaci\u00f3n sobre los programas que contin\u00faan en vigor en 2020:<\/p>\n<p><strong><a href=\"http:\/\/asociaciondemeter.org\/?page_id=987\">-Atenci\u00f3n e Intervenci\u00f3n Integral a Menores V\u00edctimas de Violencia de G\u00e9nero.<\/a><\/strong><\/p>\n<p><a href=\"http:\/\/asociaciondemeter.org\/?page_id=995\"><strong>-Atenci\u00f3n e Intervenci\u00f3n Individual a personas adultas que han sufrido violencia de g\u00e9nero en su infancia. Atenci\u00f3n e intervenci\u00f3n con familiares de v\u00edctimas de violencia de g\u00e9nero y mujeres que han sufrido la violencia de g\u00e9nero.<\/strong><\/a><\/p>\n<p><strong><a href=\"http:\/\/asociaciondemeter.org\/?page_id=992\">-Voluntariado Violeta.<\/a><\/strong><\/p>\n<p><a href=\"http:\/\/asociaciondemeter.org\/?page_id=1012\"><strong>-Ni Rosa ni Azul: Que no te roben los colores.<\/strong><\/a><\/p>\n<p><strong><a href=\"http:\/\/asociaciondemeter.org\/?page_id=1076\">-Participemos en Igualdad.<\/a><\/strong><\/p>\n<p><a href=\"http:\/\/asociaciondemeter.org\/?page_id=1188\"><strong>-Construyendo una nueva vida.<\/strong><\/a><\/p>\n<p><strong><a href=\"http:\/\/asociaciondemeter.org\/?page_id=1248\">-Hijas\/os de la Violencia de G\u00e9nero.<\/a><\/strong><\/p>\n<p><a href=\"http:\/\/asociaciondemeter.org\/?page_id=1203\"><strong>-Hilvanando Emociones.<\/strong><\/a><\/p>\n<p><a href=\"http:\/\/asociaciondemeter.org\/?page_id=1003\"><strong>-Investigaci\u00f3n.<\/strong><\/a><\/p>\n<p><strong>A continuaci\u00f3n puedes visitar los proyectos correspondientes a a\u00f1os anteriores y que actualmente no siguen en funcionamiento:<\/strong><\/p>\n<p><strong><a href=\"http:\/\/asociaciondemeter.org\/?page_id=1033\">-Crea Igualdad.<\/a><\/strong><\/p>\n<p><a href=\"http:\/\/asociaciondemeter.org\/?page_id=1083\"><strong>-GenerArte.<\/strong><\/a><\/p>\n<p><a href=\"http:\/\/asociaciondemeter.org\/?page_id=1089\"><strong>-Igualando Realidades.<\/strong><\/a><\/p>\n<p><a href=\"http:\/\/asociaciondemeter.org\/?page_id=1095\"><strong>-Sintamos la Igualdad.<\/strong><\/a><\/p>\n<p><a href=\"http:\/\/asociaciondemeter.org\/?page_id=1101\"><strong>-Hablando en Igualdad.<\/strong><\/a><\/p>\n<p><strong><a href=\"http:\/\/asociaciondemeter.org\/?page_id=1180\">-Moviliza Igualdad.<\/a><\/strong><\/p>\n<p><a href=\"http:\/\/asociaciondemeter.org\/?page_id=1194\"><strong>-Innovaci\u00f3n y G\u00e9nero: Impulsa tu entidad.<\/strong><\/a><\/p>\n<p><strong><a href=\"http:\/\/asociaciondemeter.org\/?page_id=1178\">-Participaci\u00f3n y G\u00e9nero: Nuevos modelos sociales.<\/a><\/strong><\/p>\n","protected":false},"excerpt":{"rendered":"<p>Asociaci\u00f3n Dem\u00e9ter por la Igualdad cuenta con diversos proyectos en marcha en la actualidad destinados no s\u00f3lo a la atenci\u00f3n a menores v\u00edctimas de violencia de g\u00e9nero sino tambi\u00e9n a la prevenci\u00f3n de este importante problema social estructural, as\u00ed como al fomento de la igualdad de g\u00e9nero, la formaci\u00f3n adecuada a profesionales y voluntariado y [&hellip;]<\/p>\n","protected":false},"author":1,"featured_media":0,"parent":0,"menu_order":0,"comment_status":"closed","ping_status":"closed","template":"","meta":{"footnotes":""},"class_list":["post-173","page","type-page","status-publish","hentry"],"jetpack_sharing_enabled":true,"_links":{"self":[{"href":"https:\/\/asociaciondemeter.org\/index.php?rest_route=\/wp\/v2\/pages\/173","targetHints":{"allow":["GET"]}}],"collection":[{"href":"https:\/\/asociaciondemeter.org\/index.php?rest_route=\/wp\/v2\/pages"}],"about":[{"href":"https:\/\/asociaciondemeter.org\/index.php?rest_route=\/wp\/v2\/types\/page"}],"author":[{"embeddable":true,"href":"https:\/\/asociaciondemeter.org\/index.php?rest_route=\/wp\/v2\/users\/1"}],"replies":[{"embeddable":true,"href":"https:\/\/asociaciondemeter.org\/index.php?rest_route=%2Fwp%2Fv2%2Fcomments&post=173"}],"version-history":[{"count":51,"href":"https:\/\/asociaciondemeter.org\/index.php?rest_route=\/wp\/v2\/pages\/173\/revisions"}],"predecessor-version":[{"id":1373,"href":"https:\/\/asociaciondemeter.org\/index.php?rest_route=\/wp\/v2\/pages\/173\/revisions\/1373"}],"wp:attachment":[{"href":"https:\/\/asociaciondemeter.org\/index.php?rest_route=%2Fwp%2Fv2%2Fmedia&parent=173"}],"curies":[{"name":"wp","href":"https:\/\/api.w.org\/{rel}","templated":true}]}}