{"id":1278,"date":"2020-04-03T10:44:08","date_gmt":"2020-04-03T10:44:08","guid":{"rendered":"http:\/\/asociaciondemeter.org\/?page_id=1278"},"modified":"2020-06-03T12:38:19","modified_gmt":"2020-06-03T12:38:19","slug":"educar-en-la-no-violencia-afirmando-los-derechos-de-las-os-ninas-os","status":"publish","type":"page","link":"https:\/\/asociaciondemeter.org\/?page_id=1278","title":{"rendered":"Educar en la no violencia: Afirmando los derechos de las\/os ni\u00f1as\/os"},"content":{"rendered":"\n<div class=\"wp-block-image\"><figure class=\"alignright size-large is-resized\"><img loading=\"lazy\" decoding=\"async\" src=\"http:\/\/asociaciondemeter.org\/wp-content\/uploads\/2020\/04\/Dise\u00f1o-cartel-env-2020-red-734x1024.jpg\" alt=\"\" class=\"wp-image-1283\" width=\"386\" height=\"539\" srcset=\"https:\/\/asociaciondemeter.org\/wp-content\/uploads\/2020\/04\/Dise\u00f1o-cartel-env-2020-red-734x1024.jpg 734w, https:\/\/asociaciondemeter.org\/wp-content\/uploads\/2020\/04\/Dise\u00f1o-cartel-env-2020-red-215x300.jpg 215w, https:\/\/asociaciondemeter.org\/wp-content\/uploads\/2020\/04\/Dise\u00f1o-cartel-env-2020-red-768x1072.jpg 768w, https:\/\/asociaciondemeter.org\/wp-content\/uploads\/2020\/04\/Dise\u00f1o-cartel-env-2020-red-1100x1536.jpg 1100w, https:\/\/asociaciondemeter.org\/wp-content\/uploads\/2020\/04\/Dise\u00f1o-cartel-env-2020-red.jpg 1185w\" sizes=\"auto, (max-width: 386px) 100vw, 386px\" \/><\/figure><\/div>\n\n\n\n<p>El programa \u00abEducar en la no violencia: Afirmando los derechos de las ni\u00f1as y los ni\u00f1os\u00bb se ha creado en 2020 con la idea de sensibilizar a la sociedad acerca de la especial vulnerabilidad que sufren las\/os menores ante los diferentes focos de violencia.<\/p>\n\n\n\n<p>Subvencionado por la Direcci\u00f3n General de Naciones Unidas y Derechos Humanos del Ministerio de Asuntos Exteriores, Uni\u00f3n Europea y Cooperaci\u00f3n y con la colaboraci\u00f3n de CIFAL M\u00e1laga y UNITAR, el objetivo fundamental es reivindicar a las\/os ni\u00f1as\/os como sujetos de derecho en nuestra sociedad y crear un espacio de reflexi\u00f3n sobre aquellos aspectos sociales que dificultan la adecuada defensa de sus derechos.<\/p>\n\n\n\n<p>Para ello, el proyecto propone <strong>varias jornadas<\/strong> compuestas por charlas de diferentes profesionales pertenecientes a muy diversos \u00e1mbitos relacionados con la violencia hacia las\/os menores: violencia de g\u00e9nero, violencia sexual, bullying, LGTBIfobia, pedagog\u00eda negra&#8230; Estas jornadas se dirigen, sobre todo, a profesionales del \u00e1mbito de lo social y de la educaci\u00f3n, madres, padres y educadoras\/es en general y a estudiantes.<\/p>\n\n\n\n<p>Dada la situaci\u00f3n actual, las jornadas se realizar\u00e1n del 8 al 11 de junio de 2020 en formato online . Para asistir es imprescindible formalizar una inscripci\u00f3n previa en el siguiente enlace. Las plazas son limitadas y se ir\u00e1n asignando conforme el orden de llegada:<\/p>\n\n\n\n<p><a href=\"https:\/\/forms.gle\/sxukNyWMyKsu69kz6\">https:\/\/forms.gle\/sxukNyWMyKsu69kz6<\/a><\/p>\n\n\n\n<p>El programa de las jornadas es el siguiente:<\/p>\n\n\n\n<p><strong>Lunes, 8 de junio, de 2020<\/strong><br>11:00-11:30 Presentaci\u00f3n de las Jornadas: \u201cEducar en la no violencia. Afirmando los derechos de las ni\u00f1as y los ni\u00f1os\u201d.<\/p>\n\n\n\n<p>Intervienen:<br>JULIO ANDRADE<br>Director de CIFAL M\u00e1laga (Centro Internacional de Formaci\u00f3n de L\u00edderes de Agencia ONU-UNITAR).<\/p>\n\n\n\n<p>M\u00aa TERESA P\u00c9REZ-CABALLERO MOLINA. Psicopedagoga experta en violencia de g\u00e9nero. Responsable de intervenci\u00f3n psicoeducativa del Servicio de Atenci\u00f3n a Menores V\u00edctimas de Violencia de G\u00e9nero de Asociaci\u00f3n Dem\u00e9ter por la Igualdad.<\/p>\n\n\n\n<p>TE\u00d3FILO RUIZ MUNICIO<br>Subdelegado del Gobierno de Espa\u00f1a en M\u00e1laga.<\/p>\n\n\n\n<p>12:00-13:00 \u201cMenores en el Pacto de Estado contra la Violencia de G\u00e9nero\u201d.<br>ELENA MENDOZA RULL. Jefa de la Unidad contra la violencia sobre la mujer de la Subdelegaci\u00f3n del Gobierno de Espa\u00f1a en M\u00e1laga.<\/p>\n\n\n\n<p>13:00-14:00 \u201cIntervenci\u00f3n policial en violencia de g\u00e9nero con menores\u201d.<br>\u00c1LVARO BOT\u00cdAS BENEDIT. Inspector de la Polic\u00eda Nacional. Jefe del Grupo de Investigaci\u00f3n de la Unidad de Atenci\u00f3n a la Familia y a la Mujer (U.F.A.M.) de M\u00e1laga.<\/p>\n\n\n\n<p><strong>Martes, 9 de junio, de 2020<\/strong><br>17:00-18:00 \u201cEfectos psicol\u00f3gicos de las visitas en las ni\u00f1as y ni\u00f1os v\u00edctimas de violencia de g\u00e9nero\u201d<br>PALMIRA NUEVO TORO. Psic\u00f3loga General Sanitaria especializada en psicolog\u00eda infantil-juvenil y experta en malos tratos y violencia de g\u00e9nero. Responsable de intervenci\u00f3n psicosocial del Servicio de Atenci\u00f3n a Menores V\u00edctimas de Violencia de G\u00e9nero de Asociaci\u00f3n Dem\u00e9ter por la Igualdad.<\/p>\n\n\n\n<p>18:00-19:00 \u201cLa visi\u00f3n de los derechos de la infancia de las Naciones Unidas\u201d.<br>LUIS MACUA. Gestor de proyectos en CIFAL M\u00e1laga. Maestr\u00eda en Traducci\u00f3n e Interpretaci\u00f3n, Cultura de Paz, Conflictos, Educaci\u00f3n y Derechos Humanos y Diplomacia y Derecho Internacional P\u00fablico.<\/p>\n\n\n\n<p><strong>Mi\u00e9rcoles, 10 de junio, de 2020<\/strong><br>11:00-12:00 \u201cBullying, acoso y discriminaci\u00f3n en menores LGTBI\u201d.<br>CHARO ALISES CASTILLO. Abogada, doctora en Comunicaci\u00f3n Audiovisual y presidenta de la Asociaci\u00f3n LGTB Ojal\u00e1. Autora de varias gu\u00edas de delitos de odio y contra el bullying LGTBI.<\/p>\n\n\n\n<p>12:00-13:00 \u201cAdolescentes y violencias machistas. Mitos y realidades\u201d.<br>ANG\u00c9LICA CUENCA. Psic\u00f3loga, sex\u00f3loga y experta en g\u00e9nero e igualdad. Responsable del Servicio de Violencia Sexual y G\u00e9nero del Ayuntamiento de M\u00e1laga.<\/p>\n\n\n\n<p>17:00-18:00 \u201cLas necesidades emocionales en la infancia\u201d.<br>MONTSE P\u00c9REZ CRIST\u00d3BAL. Terapeuta Gestalt y Arteterapeuta Humanista especializada en gestalt infantil y psicodiagn\u00f3stico infantil. Autora de \u201cCreciendo libres\u201d y de la formaci\u00f3n \u201cPrevenci\u00f3n de la neurosis en la infancia\u201d.<\/p>\n\n\n\n<p>18:00-19:00 \u201cCoeducar hacia la libertad y la no violencia\u201d.<br>CARMEN ROC\u00cdO ALC\u00c1RAZ ACOSTA. Maestra de Educaci\u00f3n Infantil experta en Igualdad de G\u00e9nero. Coordinadora de igualdad en centros educativos.<\/p>\n\n\n\n<p><strong>Jueves, 11 de junio de 2020<\/strong><br>10:30-11:30 \u201cEl derecho de ser ni\u00f1a\/o\u201d<br>ANA LADR\u00d3N DE GUEVARA. Abogada experta en violencia de g\u00e9nero. Miembro de la Subcomisi\u00f3n de Violencia de G\u00e9nero del Colegio de Abogados de M\u00e1laga.<\/p>\n\n\n\n<p>11:30-12:30 \u201cLa construcci\u00f3n del apego infantil y su influencia en la vida adulta\u201d<br>CARLOS G. GARC\u00cdA. Periodista, trabajador social y arteterapeuta gestalt experto en violencia de g\u00e9nero y LGTBIfobia. Terapeuta del Servicio de Atenci\u00f3n a Personas Adultas que han sufrido violencia en la infancia de Asociaci\u00f3n Dem\u00e9ter por la Igualdad.<\/p>\n\n\n\n<p>12:30-13:00 Conclusiones y Clausura<\/p>\n\n\n\n<p><strong>Si has llegado tarde y te has quedado sin plaza o no puedes asistir a las jornadas, al final colgaremos aqu\u00ed mismo el informe del relator de las mismas, para que puedas consultar las conclusiones m\u00e1s importantes.<\/strong><\/p>\n","protected":false},"excerpt":{"rendered":"<p>El programa \u00abEducar en la no violencia: Afirmando los derechos de las ni\u00f1as y los ni\u00f1os\u00bb se ha creado en 2020 con la idea de sensibilizar a la sociedad acerca de la especial vulnerabilidad que sufren las\/os menores ante los diferentes focos de violencia. Subvencionado por la Direcci\u00f3n General de Naciones Unidas y Derechos Humanos [&hellip;]<\/p>\n","protected":false},"author":1,"featured_media":0,"parent":0,"menu_order":0,"comment_status":"closed","ping_status":"closed","template":"","meta":{"footnotes":""},"class_list":["post-1278","page","type-page","status-publish","hentry"],"jetpack_sharing_enabled":true,"_links":{"self":[{"href":"https:\/\/asociaciondemeter.org\/index.php?rest_route=\/wp\/v2\/pages\/1278","targetHints":{"allow":["GET"]}}],"collection":[{"href":"https:\/\/asociaciondemeter.org\/index.php?rest_route=\/wp\/v2\/pages"}],"about":[{"href":"https:\/\/asociaciondemeter.org\/index.php?rest_route=\/wp\/v2\/types\/page"}],"author":[{"embeddable":true,"href":"https:\/\/asociaciondemeter.org\/index.php?rest_route=\/wp\/v2\/users\/1"}],"replies":[{"embeddable":true,"href":"https:\/\/asociaciondemeter.org\/index.php?rest_route=%2Fwp%2Fv2%2Fcomments&post=1278"}],"version-history":[{"count":4,"href":"https:\/\/asociaciondemeter.org\/index.php?rest_route=\/wp\/v2\/pages\/1278\/revisions"}],"predecessor-version":[{"id":1324,"href":"https:\/\/asociaciondemeter.org\/index.php?rest_route=\/wp\/v2\/pages\/1278\/revisions\/1324"}],"wp:attachment":[{"href":"https:\/\/asociaciondemeter.org\/index.php?rest_route=%2Fwp%2Fv2%2Fmedia&parent=1278"}],"curies":[{"name":"wp","href":"https:\/\/api.w.org\/{rel}","templated":true}]}}